{"id":8,"date":"2012-06-04T19:21:39","date_gmt":"2012-06-04T19:21:39","guid":{"rendered":"http:\/\/jimmy.devlogic.se\/?page_id=8"},"modified":"2021-12-04T06:55:31","modified_gmt":"2021-12-04T06:55:31","slug":"om","status":"publish","type":"page","link":"https:\/\/www.jimmylundin.se\/?page_id=8","title":{"rendered":"Om"},"content":{"rendered":"<p class=\"jl-ordinary\">Jimmy Lundin<br \/>\nF\u00f6dd 1978<br \/>\nBor i Falun<\/p>\n<p class=\"jl-ordinary\"><strong>Utbildningar:<\/strong><\/p>\n<ul>\n<li>Konstskolan i Stockholm 1999-2000<\/li>\n<li>Bild och form, Studiefr\u00e4mjandet 1998\u00a0<strong>\u00a0<\/strong><\/li>\n<\/ul>\n<div><strong>Utst\u00e4llningar:<\/strong><\/div>\n<ul>\n<li>Dalakonst21, dalarnas museum , 4 dec 2021- 11 feb 2022<\/li>\n<li>Galleri28, sommarsalong, Kalmar 2021 5 juni-31 juli<\/li>\n<li>Ramhuset , Blyertsteckningar, \u00a02019, Falun<\/li>\n<li>Edsvik konsthall H\u00f6stsalong 2018, Sollentuna<\/li>\n<li>Edsvik konsthall H\u00f6stsalong 2017, Sollentuna<\/li>\n<li>Liljevalchs v\u00e5rsalong 2017, Stockholm<\/li>\n<li>Liljevalchs v\u00e5rsalong 2014, Stockholm<\/li>\n<li>Ung salong, Saltskog g\u00e5rd, S\u00f6dert\u00e4lje 2001<\/li>\n<li>Ung salong, Saltskog g\u00e5rd, S\u00f6dert\u00e4lje 2000<\/li>\n<\/ul>\n<p><span style=\"font-family: 'Helvetica Neue', Helvetica, Arial, sans-serif;\"><strong><br \/>\n<\/strong><\/span><\/p>\n","protected":false},"excerpt":{"rendered":"<p>Jimmy Lundin F\u00f6dd 1978 Bor i Falun Utbildningar: Konstskolan i Stockholm 1999-2000 Bild och form, Studiefr\u00e4mjandet 1998\u00a0\u00a0 Utst\u00e4llningar: Dalakonst21, dalarnas museum , 4 dec 2021- 11 feb 2022 Galleri28, sommarsalong, Kalmar 2021 5 juni-31 juli Ramhuset , Blyertsteckningar, \u00a02019, Falun &hellip; <a href=\"https:\/\/www.jimmylundin.se\/?page_id=8\">Continue reading <span class=\"meta-nav\">&rarr;<\/span><\/a><\/p>\n","protected":false},"author":1,"featured_media":0,"parent":0,"menu_order":1,"comment_status":"closed","ping_status":"open","template":"","meta":{"ngg_post_thumbnail":0,"footnotes":""},"class_list":["post-8","page","type-page","status-publish","hentry"],"_links":{"self":[{"href":"https:\/\/www.jimmylundin.se\/index.php?rest_route=\/wp\/v2\/pages\/8"}],"collection":[{"href":"https:\/\/www.jimmylundin.se\/index.php?rest_route=\/wp\/v2\/pages"}],"about":[{"href":"https:\/\/www.jimmylundin.se\/index.php?rest_route=\/wp\/v2\/types\/page"}],"author":[{"embeddable":true,"href":"https:\/\/www.jimmylundin.se\/index.php?rest_route=\/wp\/v2\/users\/1"}],"replies":[{"embeddable":true,"href":"https:\/\/www.jimmylundin.se\/index.php?rest_route=%2Fwp%2Fv2%2Fcomments&post=8"}],"version-history":[{"count":34,"href":"https:\/\/www.jimmylundin.se\/index.php?rest_route=\/wp\/v2\/pages\/8\/revisions"}],"predecessor-version":[{"id":32,"href":"https:\/\/www.jimmylundin.se\/index.php?rest_route=\/wp\/v2\/pages\/8\/revisions\/32"}],"wp:attachment":[{"href":"https:\/\/www.jimmylundin.se\/index.php?rest_route=%2Fwp%2Fv2%2Fmedia&parent=8"}],"curies":[{"name":"wp","href":"https:\/\/api.w.org\/{rel}","templated":true}]}}